{"id":70,"date":"2023-09-21T20:40:48","date_gmt":"2023-09-21T18:40:48","guid":{"rendered":"https:\/\/www.innentech.ch\/?post_type=product&#038;p=70"},"modified":"2025-05-07T17:03:18","modified_gmt":"2025-05-07T15:03:18","slug":"inngenso-configurator","status":"publish","type":"product","link":"https:\/\/www.innentech.ch\/fr\/produkt\/inngenso-configurator\/","title":{"rendered":"Configurateur INNGENSO"},"content":{"rendered":"<p>Pour ceux qui souhaitent avoir un contr\u00f4le plus pouss\u00e9 sur le confort de leur domicile, le nouveau thermostat WiFi INNGENSO est disponible. Acc\u00e9dez \u00e0 n'importe quelle pi\u00e8ce ou \u00e0 votre syst\u00e8me de chauffage \u00e0 tout moment, via l'application de votre t\u00e9l\u00e9phone et de n'importe o\u00f9. V\u00e9rifiez facilement, planifiez et ajustez la temp\u00e9rature selon vos pr\u00e9f\u00e9rences.<\/p>","protected":false},"excerpt":{"rendered":"<p>For those who want more control over home comfort, the new INNGENSO WiFi thermostat is available. Access any room or your heating [&hellip;]<\/p>","protected":false},"featured_media":503,"template":"","meta":[],"product_brand":[],"product_cat":[18],"product_tag":[],"class_list":{"0":"post-70","1":"product","2":"type-product","3":"status-publish","4":"has-post-thumbnail","6":"product_cat-inngenso-module","8":"first","9":"instock","10":"shipping-taxable","11":"purchasable","12":"product-type-simple"},"acf":[],"_links":{"self":[{"href":"https:\/\/www.innentech.ch\/fr\/wp-json\/wp\/v2\/product\/70","targetHints":{"allow":["GET"]}}],"collection":[{"href":"https:\/\/www.innentech.ch\/fr\/wp-json\/wp\/v2\/product"}],"about":[{"href":"https:\/\/www.innentech.ch\/fr\/wp-json\/wp\/v2\/types\/product"}],"version-history":[{"count":6,"href":"https:\/\/www.innentech.ch\/fr\/wp-json\/wp\/v2\/product\/70\/revisions"}],"predecessor-version":[{"id":1386,"href":"https:\/\/www.innentech.ch\/fr\/wp-json\/wp\/v2\/product\/70\/revisions\/1386"}],"wp:featuredmedia":[{"embeddable":true,"href":"https:\/\/www.innentech.ch\/fr\/wp-json\/wp\/v2\/media\/503"}],"wp:attachment":[{"href":"https:\/\/www.innentech.ch\/fr\/wp-json\/wp\/v2\/media?parent=70"}],"wp:term":[{"taxonomy":"product_brand","embeddable":true,"href":"https:\/\/www.innentech.ch\/fr\/wp-json\/wp\/v2\/product_brand?post=70"},{"taxonomy":"product_cat","embeddable":true,"href":"https:\/\/www.innentech.ch\/fr\/wp-json\/wp\/v2\/product_cat?post=70"},{"taxonomy":"product_tag","embeddable":true,"href":"https:\/\/www.innentech.ch\/fr\/wp-json\/wp\/v2\/product_tag?post=70"}],"curies":[{"name":"wp","href":"https:\/\/api.w.org\/{rel}","templated":true}]}}