{"id":883,"date":"2023-11-01T16:07:16","date_gmt":"2023-11-01T15:07:16","guid":{"rendered":"https:\/\/www.innentech.ch\/?page_id=883"},"modified":"2023-11-30T13:54:12","modified_gmt":"2023-11-30T12:54:12","slug":"impressum","status":"publish","type":"page","link":"https:\/\/www.innentech.ch\/fr\/impressum\/","title":{"rendered":"Imprimer"},"content":{"rendered":"<div data-elementor-type=\"wp-page\" data-elementor-id=\"883\" class=\"elementor elementor-883\" data-elementor-settings=\"{&quot;element_pack_global_tooltip_width&quot;:{&quot;unit&quot;:&quot;px&quot;,&quot;size&quot;:&quot;&quot;,&quot;sizes&quot;:[]},&quot;element_pack_global_tooltip_width_tablet&quot;:{&quot;unit&quot;:&quot;px&quot;,&quot;size&quot;:&quot;&quot;,&quot;sizes&quot;:[]},&quot;element_pack_global_tooltip_width_mobile&quot;:{&quot;unit&quot;:&quot;px&quot;,&quot;size&quot;:&quot;&quot;,&quot;sizes&quot;:[]},&quot;element_pack_global_tooltip_padding&quot;:{&quot;unit&quot;:&quot;px&quot;,&quot;top&quot;:&quot;&quot;,&quot;right&quot;:&quot;&quot;,&quot;bottom&quot;:&quot;&quot;,&quot;left&quot;:&quot;&quot;,&quot;isLinked&quot;:true},&quot;element_pack_global_tooltip_padding_tablet&quot;:{&quot;unit&quot;:&quot;px&quot;,&quot;top&quot;:&quot;&quot;,&quot;right&quot;:&quot;&quot;,&quot;bottom&quot;:&quot;&quot;,&quot;left&quot;:&quot;&quot;,&quot;isLinked&quot;:true},&quot;element_pack_global_tooltip_padding_mobile&quot;:{&quot;unit&quot;:&quot;px&quot;,&quot;top&quot;:&quot;&quot;,&quot;right&quot;:&quot;&quot;,&quot;bottom&quot;:&quot;&quot;,&quot;left&quot;:&quot;&quot;,&quot;isLinked&quot;:true},&quot;element_pack_global_tooltip_border_radius&quot;:{&quot;unit&quot;:&quot;px&quot;,&quot;top&quot;:&quot;&quot;,&quot;right&quot;:&quot;&quot;,&quot;bottom&quot;:&quot;&quot;,&quot;left&quot;:&quot;&quot;,&quot;isLinked&quot;:true},&quot;element_pack_global_tooltip_border_radius_tablet&quot;:{&quot;unit&quot;:&quot;px&quot;,&quot;top&quot;:&quot;&quot;,&quot;right&quot;:&quot;&quot;,&quot;bottom&quot;:&quot;&quot;,&quot;left&quot;:&quot;&quot;,&quot;isLinked&quot;:true},&quot;element_pack_global_tooltip_border_radius_mobile&quot;:{&quot;unit&quot;:&quot;px&quot;,&quot;top&quot;:&quot;&quot;,&quot;right&quot;:&quot;&quot;,&quot;bottom&quot;:&quot;&quot;,&quot;left&quot;:&quot;&quot;,&quot;isLinked&quot;:true}}\" data-elementor-post-type=\"page\">\n\t\t\t\t<section class=\"elementor-section elementor-top-section elementor-element elementor-element-59619fee elementor-section-boxed elementor-section-height-default elementor-section-height-default\" data-id=\"59619fee\" data-element_type=\"section\">\n\t\t\t\t\t\t<div class=\"elementor-container elementor-column-gap-default\">\n\t\t\t\t\t<div class=\"elementor-column elementor-col-100 elementor-top-column elementor-element elementor-element-70b5fb84\" data-id=\"70b5fb84\" data-element_type=\"column\">\n\t\t\t<div class=\"elementor-widget-wrap elementor-element-populated\">\n\t\t\t\t\t\t<div class=\"elementor-element elementor-element-2283f41c elementor-widget elementor-widget-text-editor\" data-id=\"2283f41c\" data-element_type=\"widget\" data-widget_type=\"text-editor.default\">\n\t\t\t\t<div class=\"elementor-widget-container\"><h1 class=\"wp-block-heading\">Imprimer<\/h1>\n<h2>Informations selon \u00a7 5 TMG<\/h2>\n<p><br \/>Innentech GmbH<br \/>Gubelstrasse 19 6300 Zug, Switzerland<br \/>6300 Zug<\/p>\n<p>Handelsregister: CHE\u2011266.708.823<br \/>Tribunal d'enregistrement : Zoug<\/p>\n<h3>Repr\u00e9sent\u00e9 par :<\/h3>\n<p>Dr. Elvis Mujagic<\/p>\n<p>Contact<br \/>T\u00e9l\u00e9phone : +41 76 541 50 62<\/p>\n<p>Courrier \u00e9lectronique : info@innentech.ch<\/p><h2 class=\"wp-block-heading\">Responsable de la r\u00e9daction<\/h2><p>Dr. Elvis Mujagic<\/p><h2 class=\"wp-block-heading\">R\u00e8glement des litiges de l'UE<\/h2><p>La Commission europ\u00e9enne met \u00e0 disposition une plateforme pour le r\u00e8glement en ligne des litiges (OS):\u00a0 <a href=\"https:\/\/ec.europa.eu\/consumers\/odr\/\" target=\"_blank\" rel=\"noreferrer noopener\">https:\/\/ec.europa.eu\/consumers\/odr\/<\/a>.<br \/>Vous trouverez notre adresse e-mail en haut dans les mentions l\u00e9gales.<\/p><h2 class=\"wp-block-heading\">R\u00e8glement des litiges de consommation\/organisme de conciliation universel<\/h2><p>Nous ne sommes pas pr\u00eats ou oblig\u00e9s de participer \u00e0 des proc\u00e9dures de r\u00e8glement des litiges devant un organisme de conciliation des consommateurs.<\/p><p>Source: <a href=\"https:\/\/www.e-recht24.de\">e-recht24.de<\/a><\/p><\/div>\n\t\t\t\t<\/div>\n\t\t\t\t\t<\/div>\n\t\t<\/div>\n\t\t\t\t\t<\/div>\n\t\t<\/section>\t\t<\/div>","protected":false},"excerpt":{"rendered":"<p>Imprint Information according to \u00a7 5 TMG Innentech GmbHGubelstrasse 19 6300 Zug, Switzerland6300 Zug Handelsregister: CHE\u2011266.708.823Register court: Zug Represented by: Dr. Elvis [&hellip;]<\/p>","protected":false},"author":1,"featured_media":0,"parent":0,"menu_order":0,"comment_status":"closed","ping_status":"closed","template":"","meta":{"footnotes":""},"class_list":["post-883","page","type-page","status-publish","hentry"],"acf":[],"_links":{"self":[{"href":"https:\/\/www.innentech.ch\/fr\/wp-json\/wp\/v2\/pages\/883","targetHints":{"allow":["GET"]}}],"collection":[{"href":"https:\/\/www.innentech.ch\/fr\/wp-json\/wp\/v2\/pages"}],"about":[{"href":"https:\/\/www.innentech.ch\/fr\/wp-json\/wp\/v2\/types\/page"}],"author":[{"embeddable":true,"href":"https:\/\/www.innentech.ch\/fr\/wp-json\/wp\/v2\/users\/1"}],"replies":[{"embeddable":true,"href":"https:\/\/www.innentech.ch\/fr\/wp-json\/wp\/v2\/comments?post=883"}],"version-history":[{"count":6,"href":"https:\/\/www.innentech.ch\/fr\/wp-json\/wp\/v2\/pages\/883\/revisions"}],"predecessor-version":[{"id":1117,"href":"https:\/\/www.innentech.ch\/fr\/wp-json\/wp\/v2\/pages\/883\/revisions\/1117"}],"wp:attachment":[{"href":"https:\/\/www.innentech.ch\/fr\/wp-json\/wp\/v2\/media?parent=883"}],"curies":[{"name":"wp","href":"https:\/\/api.w.org\/{rel}","templated":true}]}}