{"id":70,"date":"2023-09-21T20:40:48","date_gmt":"2023-09-21T18:40:48","guid":{"rendered":"https:\/\/www.innentech.ch\/?post_type=product&#038;p=70"},"modified":"2025-05-07T17:03:18","modified_gmt":"2025-05-07T15:03:18","slug":"inngenso-configurator","status":"publish","type":"product","link":"https:\/\/www.innentech.ch\/de\/produkt\/inngenso-configurator\/","title":{"rendered":"INNGENSO-Konfigurator"},"content":{"rendered":"<p>F\u00fcr diejenigen, die mehr Kontrolle \u00fcber den Wohnkomfort w\u00fcnschen, ist der neue INNGENSO WiFi-Thermostat erh\u00e4ltlich. Greifen Sie jederzeit \u00fcber die App Ihres Telefons und von \u00fcberall auf jeden Raum oder Ihre Heizungsanlage zu. \u00dcberpr\u00fcfen, planen und passen Sie die Temperatur ganz einfach nach Ihren W\u00fcnschen an.<\/p>","protected":false},"excerpt":{"rendered":"<p>For those who want more control over home comfort, the new INNGENSO WiFi thermostat is available. Access any room or your heating [&hellip;]<\/p>","protected":false},"featured_media":503,"template":"","meta":[],"product_brand":[],"product_cat":[18],"product_tag":[],"class_list":{"0":"post-70","1":"product","2":"type-product","3":"status-publish","4":"has-post-thumbnail","6":"product_cat-inngenso-module","8":"first","9":"instock","10":"shipping-taxable","11":"purchasable","12":"product-type-simple"},"acf":[],"_links":{"self":[{"href":"https:\/\/www.innentech.ch\/de\/wp-json\/wp\/v2\/product\/70","targetHints":{"allow":["GET"]}}],"collection":[{"href":"https:\/\/www.innentech.ch\/de\/wp-json\/wp\/v2\/product"}],"about":[{"href":"https:\/\/www.innentech.ch\/de\/wp-json\/wp\/v2\/types\/product"}],"version-history":[{"count":6,"href":"https:\/\/www.innentech.ch\/de\/wp-json\/wp\/v2\/product\/70\/revisions"}],"predecessor-version":[{"id":1386,"href":"https:\/\/www.innentech.ch\/de\/wp-json\/wp\/v2\/product\/70\/revisions\/1386"}],"wp:featuredmedia":[{"embeddable":true,"href":"https:\/\/www.innentech.ch\/de\/wp-json\/wp\/v2\/media\/503"}],"wp:attachment":[{"href":"https:\/\/www.innentech.ch\/de\/wp-json\/wp\/v2\/media?parent=70"}],"wp:term":[{"taxonomy":"product_brand","embeddable":true,"href":"https:\/\/www.innentech.ch\/de\/wp-json\/wp\/v2\/product_brand?post=70"},{"taxonomy":"product_cat","embeddable":true,"href":"https:\/\/www.innentech.ch\/de\/wp-json\/wp\/v2\/product_cat?post=70"},{"taxonomy":"product_tag","embeddable":true,"href":"https:\/\/www.innentech.ch\/de\/wp-json\/wp\/v2\/product_tag?post=70"}],"curies":[{"name":"wp","href":"https:\/\/api.w.org\/{rel}","templated":true}]}}